{"id":118,"date":"2021-02-22T13:55:14","date_gmt":"2021-02-22T12:55:14","guid":{"rendered":"http:\/\/www.rem.men\/en\/?page_id=118"},"modified":"2021-03-31T12:54:40","modified_gmt":"2021-03-31T10:54:40","slug":"datenschutzerklarung","status":"publish","type":"page","link":"https:\/\/www.rem.men\/en\/datenschutzerklarung\/","title":{"rendered":"Datenschutzerkl\u00e4rung"},"content":{"rendered":"\t\t<div data-elementor-type=\"wp-page\" data-elementor-id=\"118\" class=\"elementor elementor-118\" data-elementor-settings=\"[]\">\n\t\t\t\t\t\t<div class=\"elementor-inner\">\n\t\t\t\t\t\t\t<div class=\"elementor-section-wrap\">\n\t\t\t\t\t\t\t<section class=\"elementor-section elementor-top-section elementor-element elementor-element-5436b5c8 elementor-section-boxed elementor-section-height-default elementor-section-height-default\" data-id=\"5436b5c8\" data-element_type=\"section\" data-settings=\"{&quot;background_background&quot;:&quot;classic&quot;}\">\n\t\t\t\t\t\t<div class=\"elementor-container elementor-column-gap-default\">\n\t\t\t\t\t\t\t<div class=\"elementor-row\">\n\t\t\t\t\t<div class=\"elementor-column elementor-col-100 elementor-top-column elementor-element elementor-element-32139b15\" data-id=\"32139b15\" data-element_type=\"column\">\n\t\t\t<div class=\"elementor-column-wrap elementor-element-populated\">\n\t\t\t\t\t\t\t<div class=\"elementor-widget-wrap\">\n\t\t\t\t\t\t<section class=\"elementor-section elementor-inner-section elementor-element elementor-element-506bc039 elementor-section-full_width elementor-section-height-default elementor-section-height-default\" data-id=\"506bc039\" data-element_type=\"section\">\n\t\t\t\t\t\t<div class=\"elementor-container elementor-column-gap-no\">\n\t\t\t\t\t\t\t<div class=\"elementor-row\">\n\t\t\t\t\t<div class=\"elementor-column elementor-col-100 elementor-inner-column elementor-element elementor-element-6af2b496\" data-id=\"6af2b496\" data-element_type=\"column\">\n\t\t\t<div class=\"elementor-column-wrap elementor-element-populated\">\n\t\t\t\t\t\t\t<div class=\"elementor-widget-wrap\">\n\t\t\t\t\t\t<div class=\"elementor-element elementor-element-97e319b elementor-widget__width-auto elementor-view-default elementor-widget elementor-widget-icon\" data-id=\"97e319b\" data-element_type=\"widget\" data-widget_type=\"icon.default\">\n\t\t\t\t<div class=\"elementor-widget-container\">\n\t\t\t\t\t<div class=\"elementor-icon-wrapper\">\n\t\t\t<div class=\"elementor-icon\">\n\t\t\t\t\t\t<\/div>\n\t\t<\/div>\n\t\t\t\t<\/div>\n\t\t\t\t<\/div>\n\t\t\t\t<div class=\"elementor-element elementor-element-74fcfecc elementor-widget__width-auto elementor-widget elementor-widget-heading\" data-id=\"74fcfecc\" data-element_type=\"widget\" data-widget_type=\"heading.default\">\n\t\t\t\t<div class=\"elementor-widget-container\">\n\t\t\t<h1 class=\"elementor-heading-title elementor-size-default\">Datenschutzerkl\u00e4rung (Stand April 2021)<\/h1>\t\t<\/div>\n\t\t\t\t<\/div>\n\t\t\t\t\t\t<\/div>\n\t\t\t\t\t<\/div>\n\t\t<\/div>\n\t\t\t\t\t\t\t\t<\/div>\n\t\t\t\t\t<\/div>\n\t\t<\/section>\n\t\t\t\t<section class=\"elementor-section elementor-inner-section elementor-element elementor-element-20898cb8 elementor-section-full_width elementor-section-height-default elementor-section-height-default\" data-id=\"20898cb8\" data-element_type=\"section\">\n\t\t\t\t\t\t<div class=\"elementor-container elementor-column-gap-no\">\n\t\t\t\t\t\t\t<div class=\"elementor-row\">\n\t\t\t\t\t<div class=\"elementor-column elementor-col-100 elementor-inner-column elementor-element elementor-element-5d914525\" data-id=\"5d914525\" data-element_type=\"column\">\n\t\t\t<div class=\"elementor-column-wrap elementor-element-populated\">\n\t\t\t\t\t\t\t<div class=\"elementor-widget-wrap\">\n\t\t\t\t\t\t<div class=\"elementor-element elementor-element-a85d6de elementor-widget elementor-widget-text-editor\" data-id=\"a85d6de\" data-element_type=\"widget\" data-widget_type=\"text-editor.default\">\n\t\t\t\t<div class=\"elementor-widget-container\">\n\t\t\t\t\t<div class=\"elementor-text-editor elementor-clearfix\"><p>In unserer Datenschutzerkl\u00e4rung wird erl\u00e4utert, welche Informationen wir erheben, aus welchem Grund und wie wir diese Informationen nutzen. Der Schutz Ihrer Daten ist REMMEN wichtig und daher bitten wir Sie, sich die Zeit zu nehmen, um unseren Umgang mit Ihren Daten kennenzulernen.<\/p><\/div>\n\t\t\t\t<\/div>\n\t\t\t\t<\/div>\n\t\t\t\t<div class=\"elementor-element elementor-element-4e0494d8 elementor-widget elementor-widget-heading\" data-id=\"4e0494d8\" data-element_type=\"widget\" data-widget_type=\"heading.default\">\n\t\t\t\t<div class=\"elementor-widget-container\">\n\t\t\t<h2 class=\"elementor-heading-title elementor-size-default\">Verantwortlicher f\u00fcr die Datenverarbeitung ist:\n<\/h2>\t\t<\/div>\n\t\t\t\t<\/div>\n\t\t\t\t<div class=\"elementor-element elementor-element-5066aad8 elementor-widget elementor-widget-text-editor\" data-id=\"5066aad8\" data-element_type=\"widget\" data-widget_type=\"text-editor.default\">\n\t\t\t\t<div class=\"elementor-widget-container\">\n\t\t\t\t\t<div class=\"elementor-text-editor elementor-clearfix\"><p>Dr. Peter Remmen<br>Carlsplatz 24<br>40213 D\u00fcsseldorf<br>Deutschland<\/p>\n<p>E-Mail:&nbsp;<a href=\"mailto:info@rem.men\">info@rem.men<\/a><\/p><\/div>\n\t\t\t\t<\/div>\n\t\t\t\t<\/div>\n\t\t\t\t<div class=\"elementor-element elementor-element-381f59f7 elementor-widget elementor-widget-heading\" data-id=\"381f59f7\" data-element_type=\"widget\" data-widget_type=\"heading.default\">\n\t\t\t\t<div class=\"elementor-widget-container\">\n\t\t\t<h2 class=\"elementor-heading-title elementor-size-default\">Zwecke der Verarbeitung\n<\/h2>\t\t<\/div>\n\t\t\t\t<\/div>\n\t\t\t\t<div class=\"elementor-element elementor-element-206ba337 elementor-widget elementor-widget-text-editor\" data-id=\"206ba337\" data-element_type=\"widget\" data-widget_type=\"text-editor.default\">\n\t\t\t\t<div class=\"elementor-widget-container\">\n\t\t\t\t\t<div class=\"elementor-text-editor elementor-clearfix\"><p>Wir erfassen personenbezogene Daten unserer Mandanten f\u00fcr die Mandatsanbahnung und Mandatsdurchf\u00fchrung. Des Weiteren erfassen wir Daten von Bewerbern, welche sich bei uns bewerben. Folgende Informationen werden erfasst:<\/p><ul><li>Personenbezogene Daten im Rahmen der Mandatsanbahnung und Mandatsdurchf\u00fchrung;<\/li><li>Personenbezogene Daten im Rahmen Ihrer Bewerbung als Mitarbeiter;<\/li><li>Zugriffsbezogene Daten: Wenn Sie unsere Webseite besuchen, speichern unsere Server automatisch Daten \u00fcber das zugreifende System. Diese Daten sind technisch erforderlich, damit wir Ihnen unsere Website anzeigen k\u00f6nnen und die Stabilit\u00e4t und Sicherheit unserer Website sicherstellen k\u00f6nnen. Der Zweck der Verarbeitung der genannten Daten liegt darin, unsere Webseite zug\u00e4nglich machen zu k\u00f6nnen und eventuell auftretende technische Probleme so schnell wie m\u00f6glich zu beheben und eine missbr\u00e4uchliche Nutzung unserer Dienstleistungen zu verhindern.<\/li><\/ul><\/div>\n\t\t\t\t<\/div>\n\t\t\t\t<\/div>\n\t\t\t\t<div class=\"elementor-element elementor-element-7e8174a2 elementor-widget elementor-widget-heading\" data-id=\"7e8174a2\" data-element_type=\"widget\" data-widget_type=\"heading.default\">\n\t\t\t\t<div class=\"elementor-widget-container\">\n\t\t\t<h2 class=\"elementor-heading-title elementor-size-default\">Folgende Daten von Ihnen werden beim Besuch unserer Website automatisch verarbeitet:\n<\/h2>\t\t<\/div>\n\t\t\t\t<\/div>\n\t\t\t\t<div class=\"elementor-element elementor-element-19dcb541 elementor-widget elementor-widget-text-editor\" data-id=\"19dcb541\" data-element_type=\"widget\" data-widget_type=\"text-editor.default\">\n\t\t\t\t<div class=\"elementor-widget-container\">\n\t\t\t\t\t<div class=\"elementor-text-editor elementor-clearfix\"><ul><li>Informationen \u00fcber den Browsertyp und die verwendete Version;<\/li><li>Ihr Betriebssystem;<\/li><li>Ihren Internet-Service-Provider;<\/li><li>Ihre IP-Adresse;<\/li><li>Datum und Uhrzeit des Zugriffs;<\/li><li>Webseiten, von denen Ihr System auf unsere Website gelangt ist;<\/li><li>Webseiten, die von Ihrem System \u00fcber unsere Website aufgerufen werden.<\/li><\/ul><\/div>\n\t\t\t\t<\/div>\n\t\t\t\t<\/div>\n\t\t\t\t<div class=\"elementor-element elementor-element-5924c2ea elementor-widget elementor-widget-heading\" data-id=\"5924c2ea\" data-element_type=\"widget\" data-widget_type=\"heading.default\">\n\t\t\t\t<div class=\"elementor-widget-container\">\n\t\t\t<h2 class=\"elementor-heading-title elementor-size-default\">Cookies<\/h2>\t\t<\/div>\n\t\t\t\t<\/div>\n\t\t\t\t<div class=\"elementor-element elementor-element-44ff9879 elementor-widget elementor-widget-text-editor\" data-id=\"44ff9879\" data-element_type=\"widget\" data-widget_type=\"text-editor.default\">\n\t\t\t\t<div class=\"elementor-widget-container\">\n\t\t\t\t\t<div class=\"elementor-text-editor elementor-clearfix\"><p>Die Webseite von REMMEN verwendet Cookies. Bei Cookies handelt es sich um kleine Textdateien, die auf Ihrem Endger\u00e4t automatisch gespeichert werden, wenn Sie die REMMEN Webseite besuchen. Ihrem Endger\u00e4t k\u00f6nnen diese nicht schaden und enthalten insbesondere keine Viren oder Trojaner. Sie werden nicht dazu genutzt, Sie zu identifizieren. Wir nutzen Transiente Cookies und Persistente Cookies zur Verbesserung der Qualit\u00e4t, Geschwindigkeit und der Inhalte unserer Webseite.<\/p><ul><li>Transiente Cookies werden von uns automatisch gel\u00f6scht, wenn Sie Ihren Browser wieder schlie\u00dfen.<\/li><li>Persistente Cookies werden nach einer vorgegebenen Dauer automatisch gel\u00f6scht. Sie haben in Ihrem Browser die M\u00f6glichkeit, die Cookies jederzeit zu l\u00f6schen.<\/li><\/ul><p>Die meisten g\u00e4ngigen Browser akzeptieren Cookies automatisch. In den Sicherheitseinstellungen Ihres Browsers k\u00f6nnen Sie aber festlegen, dass Cookies abgelehnt werden. Dies kann jedoch dazu f\u00fchren, dass Sie nicht alle Funktionen der Webseite st\u00f6rungsfrei nutzen k\u00f6nnen.<\/p><p><strong>Andere Daten:<\/strong>\u00a0Wir f\u00fchren Ihre Daten nicht mit Daten von Dritten zusammen oder erstellen Benutzerprofile.<\/p><\/div>\n\t\t\t\t<\/div>\n\t\t\t\t<\/div>\n\t\t\t\t<div class=\"elementor-element elementor-element-7a3c605 elementor-widget elementor-widget-heading\" data-id=\"7a3c605\" data-element_type=\"widget\" data-widget_type=\"heading.default\">\n\t\t\t\t<div class=\"elementor-widget-container\">\n\t\t\t<h2 class=\"elementor-heading-title elementor-size-default\">Wie wir die von uns erhobenen Informationen nutzen\n<\/h2>\t\t<\/div>\n\t\t\t\t<\/div>\n\t\t\t\t<div class=\"elementor-element elementor-element-c965c33 elementor-widget elementor-widget-text-editor\" data-id=\"c965c33\" data-element_type=\"widget\" data-widget_type=\"text-editor.default\">\n\t\t\t\t<div class=\"elementor-widget-container\">\n\t\t\t\t\t<div class=\"elementor-text-editor elementor-clearfix\"><ul><li>Ihre im Rahmen der Anbahnung und Durchf\u00fchrung des Mandatsverh\u00e4ltnisses \u00fcbermittelten und bekanntgewordenen Daten werden von uns f\u00fcr die Mandatsanbahnung und -durchf\u00fchrung sowie Kontaktpflege gespeichert.<\/li><li>Wenn Sie sich bei REMMEN bewerben, werden die von Ihnen mitgeteilten personenbezogenen Daten von REMMEN im Falle des Zustandekommens eines Anstellungsverh\u00e4ltnisses f\u00fcr die Dauer des Besch\u00e4ftigungsverh\u00e4ltnisses gespeichert. Nach der Beendigung des Besch\u00e4ftigungsverh\u00e4ltnisses speichern wir Ihre Daten im Rahmen der gesetzlichen Aufbewahrungsfristen f\u00fcr die gespeicherten personenbezogenen Daten. Hiernach werden sie gel\u00f6scht. F\u00fcr den Fall, dass Ihre Bewerbung leider keinen Erfolg hatte, werden Ihre Daten f\u00fcr maximal drei Jahre zu Beweissicherungszwecken verarbeitet und anschlie\u00dfend gel\u00f6scht.<\/li><li>Die hierf\u00fcr genutzten Server stehen ausschlie\u00dflich in\u00a0<strong>Deutschland<\/strong>.<\/li><li>Eine \u00dcbertragung von Daten in andere L\u00e4nder erfolgt nicht.<\/li><\/ul><\/div>\n\t\t\t\t<\/div>\n\t\t\t\t<\/div>\n\t\t\t\t<div class=\"elementor-element elementor-element-20f089f0 elementor-widget elementor-widget-heading\" data-id=\"20f089f0\" data-element_type=\"widget\" data-widget_type=\"heading.default\">\n\t\t\t\t<div class=\"elementor-widget-container\">\n\t\t\t<h2 class=\"elementor-heading-title elementor-size-default\">Rechtsgrundlagen<\/h2>\t\t<\/div>\n\t\t\t\t<\/div>\n\t\t\t\t<div class=\"elementor-element elementor-element-298e76c2 elementor-widget elementor-widget-text-editor\" data-id=\"298e76c2\" data-element_type=\"widget\" data-widget_type=\"text-editor.default\">\n\t\t\t\t<div class=\"elementor-widget-container\">\n\t\t\t\t\t<div class=\"elementor-text-editor elementor-clearfix\"><p>Wir verarbeiten Ihre Daten gem\u00e4\u00df Artikel 6 der DS-GVO zur Erf\u00fcllung des mit Ihnen abgeschlossenen Vertrages, auf Grund Ihrer Anfrage zur Mandatsanbahnung und auf der Grundlage der von Ihnen gesondert gegebenen Einwilligung zur Verarbeitung der Sie betreffenden personenbezogenen Daten.<\/p><p>Soweit Ihre Daten zur Durchf\u00fchrung des Bewerbungsverfahrens erforderlich sind, ist Art. 88 DS-GVO i.V.m. \u00a7 26 Bundesdatenschutzgesetz neue Fassung (BDSG) die Rechtsgrundlage f\u00fcr die Verarbeitung Ihrer Daten.<\/p><p>Rechtsgrundlage f\u00fcr die Verarbeitung der zugriffsbezogenen Daten ist Art. 6 Abs. 1 lit. f DS-GVO. In dem dargestellten Zweck liegt auch unser berechtigtes Interesse an der Verarbeitung nach Art. 6 Abs. 1 lit. f DS-GVO.Die Rechtsgrundlage f\u00fcr die Verarbeitung von personenbezogener Daten unter Verwendung von Cookies ist Art. 6 Abs. 1 lit. f DS-GVO. Das berechtigte Interesse von REMMEN liegt in der benutzerfreundlichen Bereitstellung unsere Webseite und der Verbesserung der Qualit\u00e4t, Geschwindigkeit und Inhalte unserer Webseite. Die Rechtsgrundlage f\u00fcr die Verarbeitung von personenbezogener Daten unter Verwendung von Cookies ist Art. 6 Abs. 1 lit. f DS-GVO. Das berechtigte Interesse von REMMEN liegt in der benutzerfreundlichen Bereitstellung unsere Webseite und der Verbesserung der Qualit\u00e4t, Geschwindigkeit und Inhalte unserer Webseite.<\/p><\/div>\n\t\t\t\t<\/div>\n\t\t\t\t<\/div>\n\t\t\t\t<div class=\"elementor-element elementor-element-20d5cd1d elementor-widget elementor-widget-heading\" data-id=\"20d5cd1d\" data-element_type=\"widget\" data-widget_type=\"heading.default\">\n\t\t\t\t<div class=\"elementor-widget-container\">\n\t\t\t<h2 class=\"elementor-heading-title elementor-size-default\">Von uns weitergegebene Informationen<\/h2>\t\t<\/div>\n\t\t\t\t<\/div>\n\t\t\t\t<div class=\"elementor-element elementor-element-27fae0dc elementor-widget elementor-widget-text-editor\" data-id=\"27fae0dc\" data-element_type=\"widget\" data-widget_type=\"text-editor.default\">\n\t\t\t\t<div class=\"elementor-widget-container\">\n\t\t\t\t\t<div class=\"elementor-text-editor elementor-clearfix\"><p>Wir geben keine personenbezogenen Daten an Unternehmen, Organisationen oder Personen au\u00dferhalb von REMMEN weiter, au\u00dfer in einem der folgenden Umst\u00e4nde:<\/p><ul><li><strong>Mit Ihrer Einwilligung:<\/strong> Wir geben personenbezogene Daten an Unternehmen, Organisationen oder Personen au\u00dferhalb der Organisation von REMMEN weiter, wenn wir hierf\u00fcr Ihre Einwilligung erhalten haben.<\/li><li>Wir stellen personenbezogene Daten grunds\u00e4tzlich lediglich Unternehmen oder Personen zur Verf\u00fcgung, welche diese in unserem Auftrag verarbeiten. Dies geschieht auf der Grundlage unserer Weisungen und im Einklang mit unserer Datenschutzerkl\u00e4rung sowie anderen geeigneten Vertraulichkeits- und Sicherheitsma\u00dfnahmen.<\/li><li><strong>Aus rechtlichen Gr\u00fcnden:<\/strong> Wir werden personenbezogene Daten an Unternehmen, Organisationen oder Personen au\u00dferhalb von REMMEN nur dann weitergeben, wenn wir nach Treu und Glauben davon ausgehen d\u00fcrfen, dass der Zugriff auf diese Daten oder ihre Nutzung, Aufbewahrung oder Weitergabe vern\u00fcnftigerweise notwendig ist, um<ul><li>geltende Gesetze, Vorschriften oder Rechtsverfahren einzuhalten oder einer vollstreckbaren beh\u00f6rdlichen Anordnung nachzukommen,<\/li><li>Betrug, Sicherheitsm\u00e4ngel oder technische Probleme aufzudecken, zu verhindern oder anderweitig zu bek\u00e4mpfen.<\/li><li>die Rechte, das Eigentum oder die Sicherheit von REMMEN, unserer Mandanten oder der \u00d6ffentlichkeit vor Schaden zu sch\u00fctzen, soweit gesetzlich zul\u00e4ssig oder erforderlich.<\/li><\/ul><\/li><\/ul><\/div>\n\t\t\t\t<\/div>\n\t\t\t\t<\/div>\n\t\t\t\t<div class=\"elementor-element elementor-element-57c6aa96 elementor-widget elementor-widget-heading\" data-id=\"57c6aa96\" data-element_type=\"widget\" data-widget_type=\"heading.default\">\n\t\t\t\t<div class=\"elementor-widget-container\">\n\t\t\t<h2 class=\"elementor-heading-title elementor-size-default\">Zust\u00e4ndige Rechtsanwaltskammer<\/h2>\t\t<\/div>\n\t\t\t\t<\/div>\n\t\t\t\t<div class=\"elementor-element elementor-element-1d41e5a8 elementor-widget elementor-widget-text-editor\" data-id=\"1d41e5a8\" data-element_type=\"widget\" data-widget_type=\"text-editor.default\">\n\t\t\t\t<div class=\"elementor-widget-container\">\n\t\t\t\t\t<div class=\"elementor-text-editor elementor-clearfix\"><p>Werden Ihre personenbezogenen Daten verarbeitet, so sind Sie Betroffener im Sinne der DS-GVO. Gegen\u00fcber uns als datenschutzrechtlich Verantwortlichen stehen Ihnen daher verschiedene Rechte zu. Hiermit m\u00f6chten wir Sie \u00fcber Ihre Rechte informieren:<\/p><ul><li>Sie haben ein Recht auf Auskunft, ob und welche personenbezogenen Daten wir bez\u00fcglich Ihrer Person verarbeiten.<\/li><li>Bei Vorliegen der gesetzlichen Voraussetzungen, haben Sie ein Recht auf Berichtigung und L\u00f6schung dieser Daten.<\/li><li>Sie haben ein Recht auf Einschr\u00e4nkung der Verarbeitung der Sie betreffenden personenbezogenen Daten.<\/li><li>Sie haben das Recht, aus Gr\u00fcnden, die sich aus Ihrer besonderen Situation ergeben, jederzeit gegen die Verarbeitung Ihrer personenbezogenen Daten Widerspruch einzulegen. Dies gilt nicht, wenn uns eine Rechtsvorschrift zur Verarbeitung dieser Daten verpflichtet oder berechtigt.<\/li><li>Sie haben zudem das Recht auf Daten\u00fcbertragbarkeit.<\/li><li>Des Weiteren steht Ihnen das Recht zu, sich bei der Datenschutz-Aufsichtsbeh\u00f6rde (der Landesbeauftragten f\u00fcr Datenschutz und Informationsfreiheit NRW) \u00fcber die Verarbeitung Ihrer personenbezogenen Daten durch uns zu beschweren.<\/li><\/ul><\/div>\n\t\t\t\t<\/div>\n\t\t\t\t<\/div>\n\t\t\t\t<div class=\"elementor-element elementor-element-15c5b640 elementor-widget elementor-widget-heading\" data-id=\"15c5b640\" data-element_type=\"widget\" data-widget_type=\"heading.default\">\n\t\t\t\t<div class=\"elementor-widget-container\">\n\t\t\t<h2 class=\"elementor-heading-title elementor-size-default\">Stand und \u00c4nderung dieser Datenschutzerkl\u00e4rung<\/h2>\t\t<\/div>\n\t\t\t\t<\/div>\n\t\t\t\t<div class=\"elementor-element elementor-element-2800aa72 elementor-widget elementor-widget-text-editor\" data-id=\"2800aa72\" data-element_type=\"widget\" data-widget_type=\"text-editor.default\">\n\t\t\t\t<div class=\"elementor-widget-container\">\n\t\t\t\t\t<div class=\"elementor-text-editor elementor-clearfix\"><p>Stand dieser Datenschutzerkl\u00e4rung ist April 2021. Durch gesetzliche und beh\u00f6rdliche Vorgaben oder auf Grund der Weiterentwicklung und Ver\u00e4nderung der REMMEN Webseite, kann es notwendig sein, diese Datenschutzerkl\u00e4rung zu \u00e4ndern. Zuk\u00fcnftige \u00c4nderungen unserer Datenschutzerkl\u00e4rung werden auf dieser Webseite bekanntgegeben. \u00dcberpr\u00fcfen Sie bitte regelm\u00e4\u00dfig, ob Aktualisierungen oder \u00c4nderungen unsere Datenschutzbestimmungen stattgefunden haben.<\/p><\/div>\n\t\t\t\t<\/div>\n\t\t\t\t<\/div>\n\t\t\t\t\t\t<\/div>\n\t\t\t\t\t<\/div>\n\t\t<\/div>\n\t\t\t\t\t\t\t\t<\/div>\n\t\t\t\t\t<\/div>\n\t\t<\/section>\n\t\t\t\t\t\t<\/div>\n\t\t\t\t\t<\/div>\n\t\t<\/div>\n\t\t\t\t\t\t\t\t<\/div>\n\t\t\t\t\t<\/div>\n\t\t<\/section>\n\t\t\t\t\t\t<\/div>\n\t\t\t\t\t\t<\/div>\n\t\t\t\t\t<\/div>\n\t\t","protected":false},"excerpt":{"rendered":"<p>Datenschutzerkl\u00e4rung (Stand April 2021) In unserer Datenschutzerkl\u00e4rung wird erl\u00e4utert, welche Informationen wir erheben, aus welchem Grund und wie wir diese Informationen nutzen. Der Schutz Ihrer Daten ist REMMEN wichtig und daher bitten wir Sie, sich die Zeit zu nehmen, um unseren Umgang mit Ihren Daten kennenzulernen. Verantwortlicher f\u00fcr die Datenverarbeitung ist: Dr. Peter RemmenCarlsplatz 2440213 [&hellip;]<\/p>\n","protected":false},"author":2,"featured_media":0,"parent":0,"menu_order":0,"comment_status":"closed","ping_status":"closed","template":"","meta":[],"yoast_head":"<!-- This site is optimized with the Yoast SEO plugin v16.1.1 - https:\/\/yoast.com\/wordpress\/plugins\/seo\/ -->\n<title>Datenschutzerkl\u00e4rung - Remmen<\/title>\n<meta property=\"og:locale\" content=\"en_US\" \/>\n<meta property=\"og:type\" content=\"article\" \/>\n<meta property=\"og:title\" content=\"Datenschutzerkl\u00e4rung - Remmen\" \/>\n<meta property=\"og:description\" content=\"Datenschutzerkl\u00e4rung (Stand April 2021) In unserer Datenschutzerkl\u00e4rung wird erl\u00e4utert, welche Informationen wir erheben, aus welchem Grund und wie wir diese Informationen nutzen. Der Schutz Ihrer Daten ist REMMEN wichtig und daher bitten wir Sie, sich die Zeit zu nehmen, um unseren Umgang mit Ihren Daten kennenzulernen. Verantwortlicher f\u00fcr die Datenverarbeitung ist: Dr. Peter RemmenCarlsplatz 2440213 [&hellip;]\" \/>\n<meta property=\"og:url\" content=\"https:\/\/www.rem.men\/en\/datenschutzerklarung\/\" \/>\n<meta property=\"og:site_name\" content=\"Remmen\" \/>\n<meta property=\"article:modified_time\" content=\"2021-03-31T10:54:40+00:00\" \/>\n<meta name=\"twitter:card\" content=\"summary_large_image\" \/>\n<meta name=\"twitter:label1\" content=\"Est. reading time\">\n\t<meta name=\"twitter:data1\" content=\"5 minutes\">\n<script type=\"application\/ld+json\" class=\"yoast-schema-graph\">{\"@context\":\"https:\/\/schema.org\",\"@graph\":[{\"@type\":\"WebSite\",\"@id\":\"http:\/\/www.rem.men\/en\/#website\",\"url\":\"http:\/\/www.rem.men\/en\/\",\"name\":\"Remmen\",\"description\":\"\",\"potentialAction\":[{\"@type\":\"SearchAction\",\"target\":\"http:\/\/www.rem.men\/en\/?s={search_term_string}\",\"query-input\":\"required name=search_term_string\"}],\"inLanguage\":\"en-US\"},{\"@type\":\"WebPage\",\"@id\":\"https:\/\/www.rem.men\/en\/datenschutzerklarung\/#webpage\",\"url\":\"https:\/\/www.rem.men\/en\/datenschutzerklarung\/\",\"name\":\"Datenschutzerkl\\u00e4rung - Remmen\",\"isPartOf\":{\"@id\":\"http:\/\/www.rem.men\/en\/#website\"},\"datePublished\":\"2021-02-22T12:55:14+00:00\",\"dateModified\":\"2021-03-31T10:54:40+00:00\",\"breadcrumb\":{\"@id\":\"https:\/\/www.rem.men\/en\/datenschutzerklarung\/#breadcrumb\"},\"inLanguage\":\"en-US\",\"potentialAction\":[{\"@type\":\"ReadAction\",\"target\":[\"https:\/\/www.rem.men\/en\/datenschutzerklarung\/\"]}]},{\"@type\":\"BreadcrumbList\",\"@id\":\"https:\/\/www.rem.men\/en\/datenschutzerklarung\/#breadcrumb\",\"itemListElement\":[{\"@type\":\"ListItem\",\"position\":1,\"item\":{\"@type\":\"WebPage\",\"@id\":\"https:\/\/www.rem.men\/en\/\",\"url\":\"https:\/\/www.rem.men\/en\/\",\"name\":\"Startseite\"}},{\"@type\":\"ListItem\",\"position\":2,\"item\":{\"@type\":\"WebPage\",\"@id\":\"https:\/\/www.rem.men\/en\/datenschutzerklarung\/\",\"url\":\"https:\/\/www.rem.men\/en\/datenschutzerklarung\/\",\"name\":\"Datenschutzerkl\\u00e4rung\"}}]}]}<\/script>\n<!-- \/ Yoast SEO plugin. -->","_links":{"self":[{"href":"https:\/\/www.rem.men\/en\/wp-json\/wp\/v2\/pages\/118"}],"collection":[{"href":"https:\/\/www.rem.men\/en\/wp-json\/wp\/v2\/pages"}],"about":[{"href":"https:\/\/www.rem.men\/en\/wp-json\/wp\/v2\/types\/page"}],"author":[{"embeddable":true,"href":"https:\/\/www.rem.men\/en\/wp-json\/wp\/v2\/users\/2"}],"replies":[{"embeddable":true,"href":"https:\/\/www.rem.men\/en\/wp-json\/wp\/v2\/comments?post=118"}],"version-history":[{"count":23,"href":"https:\/\/www.rem.men\/en\/wp-json\/wp\/v2\/pages\/118\/revisions"}],"predecessor-version":[{"id":593,"href":"https:\/\/www.rem.men\/en\/wp-json\/wp\/v2\/pages\/118\/revisions\/593"}],"wp:attachment":[{"href":"https:\/\/www.rem.men\/en\/wp-json\/wp\/v2\/media?parent=118"}],"curies":[{"name":"wp","href":"https:\/\/api.w.org\/{rel}","templated":true}]}}